{"id":4051,"date":"2017-11-02T07:43:35","date_gmt":"2017-11-02T07:43:35","guid":{"rendered":"https:\/\/demo.wpthemego.com\/themes\/sw_kingplace\/?page_id=4051"},"modified":"2026-04-23T08:59:15","modified_gmt":"2026-04-23T05:59:15","slug":"booking","status":"publish","type":"page","link":"https:\/\/kaliye.com\/index.php\/booking\/","title":{"rendered":"Booking"},"content":{"rendered":"<p>[vc_row css=&#8221;.vc_custom_1509940385335{margin-bottom: 30px !important;}&#8221;][vc_column][vc_column_text]\n<div class=\"wpcf7 no-js\" id=\"wpcf7-f5-o1\" lang=\"tr-TR\" dir=\"ltr\" data-wpcf7-id=\"5\">\n<div class=\"screen-reader-response\"><p role=\"status\" aria-live=\"polite\" aria-atomic=\"true\"><\/p> <ul><\/ul><\/div>\n<form action=\"\/index.php\/wp-json\/wp\/v2\/pages\/4051#wpcf7-f5-o1\" method=\"post\" class=\"wpcf7-form init\" aria-label=\"\u0130leti\u015fim Formu\" novalidate=\"novalidate\" data-status=\"init\">\n<fieldset class=\"hidden-fields-container\"><input type=\"hidden\" name=\"_wpcf7\" value=\"5\" \/><input type=\"hidden\" name=\"_wpcf7_version\" value=\"6.1.5\" \/><input type=\"hidden\" name=\"_wpcf7_locale\" value=\"tr_TR\" \/><input type=\"hidden\" name=\"_wpcf7_unit_tag\" value=\"wpcf7-f5-o1\" \/><input type=\"hidden\" name=\"_wpcf7_container_post\" value=\"0\" \/><input type=\"hidden\" name=\"_wpcf7_posted_data_hash\" value=\"\" \/>\n<\/fieldset>\n<p><label> Ad\u0131n\u0131z<br \/>\n<span class=\"wpcf7-form-control-wrap\" data-name=\"your-name\"><input size=\"40\" maxlength=\"400\" class=\"wpcf7-form-control wpcf7-text wpcf7-validates-as-required\" aria-required=\"true\" aria-invalid=\"false\" value=\"\" type=\"text\" name=\"your-name\" \/><\/span> <\/label>\n<\/p>\n<p><label> E-posta adresiniz<br \/>\n<span class=\"wpcf7-form-control-wrap\" data-name=\"your-email\"><input size=\"40\" maxlength=\"400\" class=\"wpcf7-form-control wpcf7-email wpcf7-validates-as-required wpcf7-text wpcf7-validates-as-email\" aria-required=\"true\" aria-invalid=\"false\" value=\"\" type=\"email\" name=\"your-email\" \/><\/span> <\/label>\n<\/p>\n<p><label> Telefon No<br \/>\n<span class=\"wpcf7-form-control-wrap\" data-name=\"tel-627\"><input size=\"40\" maxlength=\"400\" class=\"wpcf7-form-control wpcf7-tel wpcf7-text wpcf7-validates-as-tel\" aria-invalid=\"false\" value=\"\" type=\"tel\" name=\"tel-627\" \/><\/span> <\/label>\n<\/p>\n<p><label> Giri\u015f Tarihi<br \/>\n<span class=\"wpcf7-form-control-wrap\" data-name=\"date-407\"><input class=\"wpcf7-form-control wpcf7-date wpcf7-validates-as-date\" aria-invalid=\"false\" value=\"\" type=\"date\" name=\"date-407\" \/><\/span> <\/label>\n<\/p>\n<p><label> \u00c7\u0131k\u0131\u015f Tarihi<br \/>\n<span class=\"wpcf7-form-control-wrap\" data-name=\"date-408\"><input class=\"wpcf7-form-control wpcf7-date wpcf7-validates-as-date\" aria-invalid=\"false\" value=\"\" type=\"date\" name=\"date-408\" \/><\/span> <\/label>\n<\/p>\n<p><label> Oda T\u00fcr\u00fc<br \/>\n<span class=\"wpcf7-form-control-wrap\" data-name=\"checkbox-742\"><span class=\"wpcf7-form-control wpcf7-checkbox wpcf7-validates-as-required\"><span class=\"wpcf7-list-item first\"><label><input type=\"checkbox\" name=\"checkbox-742[]\" value=\"Standart Oda\" \/><span class=\"wpcf7-list-item-label\">Standart Oda<\/span><\/label><\/span><span class=\"wpcf7-list-item\"><label><input type=\"checkbox\" name=\"checkbox-742[]\" value=\"Double Oda\" \/><span class=\"wpcf7-list-item-label\">Double Oda<\/span><\/label><\/span><span class=\"wpcf7-list-item\"><label><input type=\"checkbox\" name=\"checkbox-742[]\" value=\"French Bed\" \/><span class=\"wpcf7-list-item-label\">French Bed<\/span><\/label><\/span><span class=\"wpcf7-list-item last\"><label><input type=\"checkbox\" name=\"checkbox-742[]\" value=\"Suit Oda\" \/><span class=\"wpcf7-list-item-label\">Suit Oda<\/span><\/label><\/span><\/span><\/span> <\/label>\n<\/p>\n<p><label> Toplam Ki\u015fi Say\u0131s\u0131<br \/>\n<span class=\"wpcf7-form-control-wrap\" data-name=\"number-545\"><input class=\"wpcf7-form-control wpcf7-number wpcf7-validates-as-number\" aria-invalid=\"false\" value=\"\" type=\"number\" name=\"number-545\" \/><\/span> <\/label>\n<\/p>\n<p><label> \u00c7ocuk Say\u0131s\u0131<br \/>\n<span class=\"wpcf7-form-control-wrap\" data-name=\"number-546\"><input class=\"wpcf7-form-control wpcf7-number wpcf7-validates-as-number\" aria-invalid=\"false\" value=\"\" type=\"number\" name=\"number-546\" \/><\/span> <\/label>\n<\/p>\n<p><label> \u00c7ocuk Ya\u015f\u0131<br \/>\n<span class=\"wpcf7-form-control-wrap\" data-name=\"number-547\"><input class=\"wpcf7-form-control wpcf7-number wpcf7-validates-as-number\" aria-invalid=\"false\" value=\"\" type=\"number\" name=\"number-547\" \/><\/span> <\/label>\n<\/p>\n<p><label> Not (tercihe ba\u011fl\u0131)<br \/>\n<span class=\"wpcf7-form-control-wrap\" data-name=\"your-message\"><textarea cols=\"40\" rows=\"10\" maxlength=\"2000\" class=\"wpcf7-form-control wpcf7-textarea\" aria-invalid=\"false\" name=\"your-message\"><\/textarea><\/span> <\/label>\n<\/p>\n<p><span class=\"wpcf7-form-control-wrap\" data-name=\"Onayla\"><select class=\"wpcf7-form-control wpcf7-select wpcf7-validates-as-required\" aria-required=\"true\" aria-invalid=\"false\" name=\"Onayla\"><option value=\"onayl\u0131yorum\">onayl\u0131yorum<\/option><option value=\"onaylam\u0131yorum\">onaylam\u0131yorum<\/option><\/select><\/span>\n<\/p>\n<p><input class=\"wpcf7-form-control wpcf7-submit has-spinner\" type=\"submit\" value=\"G\u00f6nder\" \/>\n<\/p><div class=\"wpcf7-response-output\" aria-hidden=\"true\"><\/div>\n<\/form>\n<\/div>\n[\/vc_column_text][\/vc_column][\/vc_row]<\/p>\n","protected":false},"excerpt":{"rendered":"<p>[vc_row css=&#8221;.vc_custom_1509940385335{margin-bottom: 30px !important;}&#8221;][vc_column][vc_column_text][\/vc_column_text][\/vc_column][\/vc_row]<\/p>\n","protected":false},"author":1,"featured_media":0,"parent":0,"menu_order":0,"comment_status":"closed","ping_status":"closed","template":"","meta":{"footnotes":""},"class_list":["post-4051","page","type-page","status-publish","hentry"],"_links":{"self":[{"href":"https:\/\/kaliye.com\/index.php\/wp-json\/wp\/v2\/pages\/4051","targetHints":{"allow":["GET"]}}],"collection":[{"href":"https:\/\/kaliye.com\/index.php\/wp-json\/wp\/v2\/pages"}],"about":[{"href":"https:\/\/kaliye.com\/index.php\/wp-json\/wp\/v2\/types\/page"}],"author":[{"embeddable":true,"href":"https:\/\/kaliye.com\/index.php\/wp-json\/wp\/v2\/users\/1"}],"replies":[{"embeddable":true,"href":"https:\/\/kaliye.com\/index.php\/wp-json\/wp\/v2\/comments?post=4051"}],"version-history":[{"count":4,"href":"https:\/\/kaliye.com\/index.php\/wp-json\/wp\/v2\/pages\/4051\/revisions"}],"predecessor-version":[{"id":5185,"href":"https:\/\/kaliye.com\/index.php\/wp-json\/wp\/v2\/pages\/4051\/revisions\/5185"}],"wp:attachment":[{"href":"https:\/\/kaliye.com\/index.php\/wp-json\/wp\/v2\/media?parent=4051"}],"curies":[{"name":"wp","href":"https:\/\/api.w.org\/{rel}","templated":true}]}}