{"id":2325,"date":"2017-09-15T07:26:44","date_gmt":"2017-09-15T07:26:44","guid":{"rendered":"https:\/\/demo.wpthemego.com\/themes\/sw_kingplace\/?page_id=2325"},"modified":"2022-05-25T16:23:12","modified_gmt":"2022-05-25T13:23:12","slug":"about-us","status":"publish","type":"page","link":"https:\/\/kaliye.com\/index.php\/about-us\/","title":{"rendered":"Otelimiz"},"content":{"rendered":"<p>[vc_row][vc_column][vc_single_image image=&#8221;4333&#8243; img_size=&#8221;full&#8221; alignment=&#8221;center&#8221;]\n\t\t\t<!-- START Slider Home1 1 REVOLUTION SLIDER 6.5.21 --><p class=\"rs-p-wp-fix\"><\/p>\n\t\t\t<rs-module-wrap id=\"rev_slider_3_1_wrapper\" data-source=\"gallery\" style=\"visibility:hidden;background:transparent;padding:0;margin:0px auto;margin-top:0;margin-bottom:0;\">\n\t\t\t\t<rs-module id=\"rev_slider_3_1\" style=\"\" data-version=\"6.5.21\">\n\t\t\t\t\t<rs-slides>\n\t\t\t\t\t\t<rs-slide style=\"position: absolute;\" data-key=\"rs-5\" data-title=\"Slide\" data-thumb=\"\/\/kaliye.com\/wp-content\/uploads\/2022\/05\/20220515_113014-Kopyala-130x130.jpg\" data-anim=\"f:random;\" data-in=\"o:0;sx:1.1;sy:1.1;m:true;row:5;col:5;\" data-out=\"a:false;\">\n\t\t\t\t\t\t\t<img loading=\"lazy\" decoding=\"async\" src=\"\/\/kaliye.com\/wp-content\/plugins\/revslider\/public\/assets\/assets\/dummy.png\" alt=\"\" title=\"20220515_113014 (Kopyala)\" width=\"2000\" height=\"1500\" class=\"rev-slidebg tp-rs-img rs-lazyload\" data-lazyload=\"\/\/kaliye.com\/wp-content\/uploads\/2022\/05\/20220515_113014-Kopyala.jpg\" data-no-retina>\n<!---->\t\t\t\t\t\t<\/rs-slide>\n\t\t\t\t\t\t<rs-slide style=\"position: absolute;\" data-key=\"rs-6\" data-title=\"Slide\" data-thumb=\"\/\/kaliye.com\/wp-content\/uploads\/2022\/05\/20220515_112727-Kopyala-130x130.jpg\" data-anim=\"f:nodelay;\" data-in=\"o:0;sx:0;sy:0;row:5;col:5;\" data-out=\"a:false;\">\n\t\t\t\t\t\t\t<img loading=\"lazy\" decoding=\"async\" src=\"\/\/kaliye.com\/wp-content\/plugins\/revslider\/public\/assets\/assets\/dummy.png\" alt=\"\" title=\"20220515_112727 (Kopyala)\" width=\"2000\" height=\"1500\" class=\"rev-slidebg tp-rs-img rs-lazyload\" data-lazyload=\"\/\/kaliye.com\/wp-content\/uploads\/2022\/05\/20220515_112727-Kopyala.jpg\" data-no-retina>\n<!---->\t\t\t\t\t\t<\/rs-slide>\n\t\t\t\t\t\t<rs-slide style=\"position: absolute;\" data-key=\"rs-7\" data-title=\"Slide\" data-thumb=\"\/\/kaliye.com\/wp-content\/uploads\/2022\/05\/20220515_111945-Kopyala-130x130.jpg\" data-anim=\"ms:2000;\" data-in=\"o:0;\" data-out=\"a:false;\" data-d3=\"f:cube;d:vertical;z:400;su:true;sma:1;\">\n\t\t\t\t\t\t\t<img loading=\"lazy\" decoding=\"async\" src=\"\/\/kaliye.com\/wp-content\/plugins\/revslider\/public\/assets\/assets\/dummy.png\" alt=\"\" title=\"20220515_111945 (Kopyala)\" width=\"2000\" height=\"1500\" class=\"rev-slidebg tp-rs-img rs-lazyload\" data-lazyload=\"\/\/kaliye.com\/wp-content\/uploads\/2022\/05\/20220515_111945-Kopyala.jpg\" data-no-retina>\n<!---->\t\t\t\t\t\t<\/rs-slide>\n\t\t\t\t\t<\/rs-slides>\n\t\t\t\t<\/rs-module>\n\t\t\t\t<script>\n\t\t\t\t\tsetREVStartSize({c: 'rev_slider_3_1',rl:[1240,1024,778,480],el:[700],gw:[1920],gh:[700],type:'standard',justify:'',layout:'fullwidth',mh:\"0\"});if (window.RS_MODULES!==undefined && window.RS_MODULES.modules!==undefined && window.RS_MODULES.modules[\"revslider31\"]!==undefined) {window.RS_MODULES.modules[\"revslider31\"].once = false;window.revapi3 = undefined;if (window.RS_MODULES.checkMinimal!==undefined) window.RS_MODULES.checkMinimal()}\n\t\t\t\t<\/script>\n\t\t\t<\/rs-module-wrap>\n\t\t\t<!-- END REVOLUTION SLIDER -->\n[vc_empty_space][\/vc_column][\/vc_row][vc_row][vc_column][vc_column_text el_class=&#8221;about-top&#8221;]<\/p>\n<h2 class=\"font-custom1\"><span style=\"color: #000000;\">Kaliye Aspendos Hotel de<\/span><\/h2>\n<h3><span style=\"color: #000000;\">E\u015fsiz Akdeniz G\u00fcne\u015fi Huzurlu Bir Tatil<\/span><\/h3>\n<p><span style=\"color: #000000;\">Otelimiz ismini: \u2018\u2019Kral\u0131n k\u0131z\u0131 Belk\u0131s benim olmal\u0131\u2019\u2019 diye f\u0131s\u0131ldayan mimar Zenon\u2019nun sesinin muhte\u015fem yank\u0131lanmas\u0131 sayesinde, sevdi\u011fi Belk\u0131s\u2019a kavu\u015fan antik d\u00f6nem Mimar\u0131 Zenon yapt\u0131\u011f\u0131, d\u00fcnyan\u0131n en iyi akusti\u011fine sahip<\/span><br \/>\n<span style=\"color: #000000;\">Antik Aspendos Tiyatrosu\u2019ndan alm\u0131\u015ft\u0131r.<\/span><\/p>\n<p><span style=\"color: #000000;\">Toroslar\u0131n g\u00f6rkemi, heybetinden, k\u0131\u015f\u0131n tepelerinde ki kar\u0131n, yaz\u0131n a esintisinden ilham alarak yapmaya karar verdi\u011fimiz otelimiz<\/span><br \/>\n<span style=\"color: #000000;\">Mart 2022\u2019 de hizmete girmi\u015ftir.<\/span><\/p>\n<p><span style=\"color: #000000;\">Otelimizde Toros da\u011flar\u0131 ve \u00e7am ormanlar\u0131;<\/span><br \/>\n<span style=\"color: #000000;\">Yama\u00e7lar\u0131nda zeytin a\u011fa\u00e7lar\u0131, eteklerinde portakal, limon ve nar bah\u00e7eleri;<\/span><br \/>\n<span style=\"color: #000000;\">Bakmaya doyamad\u0131\u011f\u0131n\u0131z manzaralar e\u015fli\u011finde t\u00fcm misafirlerimize \u2018\u2019HO\u015e GELD\u0130N\u0130Z\u2019\u2019 diyoruz. G\u00fcneyden, Akdeniz\u2019in yaz\u0131n s\u0131cak, baharda serin esintisiyle, limon ve portakal \u00e7i\u00e7e\u011fi kokular\u0131yla uyan\u0131r ; ye\u015fil bir okyanusun i\u00e7inde hissedersiniz kendinizi\u2026 \u015eehirler aras\u0131 seyahatinizde hemen D-400 karayolu \u00fczerinde belki uzun bir dinlenceye d\u00f6necek ufak bir mola ile evinizi \u00f6zletmeyecek kadar yak\u0131n\u0131z sizlere. 35 y\u0131ll\u0131k i\u015f hayat\u0131nda sa\u011fl\u0131k dahil bir\u00e7ok sekt\u00f6rde ki tecr\u00fcbesiyle Dr. Aliye Kamaero\u011flu\u2019nun y\u00fcre\u011fini ve eme\u011fini vererek, titiz bir \u00e7al\u0131\u015fmayla hizmete girmi\u015f olan otelimizde, siz say\u0131n misafirlerimizin sa\u011fl\u0131k, g\u00fcven ve konforla kalman\u0131z ; memnuniyetinizi tan\u0131d\u0131klar\u0131n\u0131zla, s\u0131k\u0131nt\u0131lar\u0131n\u0131z\u0131 bizimle payla\u015fman\u0131z<\/span><br \/>\n<span style=\"color: #000000;\">ve YOLDA K\u0130 EV\u0130N\u0130Z OLMAK dile\u011fiyle , .. Antalya 2022<\/span><\/p>\n<p>&nbsp;<\/p>\n<p><span style=\"color: #000000;\"><strong>Otelimizde bah\u00e7esinde ;<\/strong><\/span><\/p>\n<p><span style=\"color: #000000;\">250 m2 yeti\u015fkin havuzumuz, \u00e7ocuk havuzumuz, g\u00fcne\u015flenme teraslar\u0131\u00a0 ve havuz bar ile g\u00fcne\u015fin ve tatilin keyfini tad\u0131n\u0131 \u00e7\u0131karabilirsiniz.<\/span><\/p>\n<p><span style=\"color: #000000;\">Portakal , zeytin ve okal\u00fcpt\u00fcs a\u011fa\u00e7lar\u0131 i\u00e7indeki otelin geni\u015f bah\u00e7e ve teras\u0131nda g\u00fcn\u00fcn yorgunlu\u011funun giderebilirsiniz.<\/span><\/p>\n<p><span style=\"color: #000000;\">\u00c7ocuk bah\u00e7emiz de\u011ferli k\u00fc\u00e7\u00fck misafirlerimizin de hizmetindedir.<\/span><\/p>\n<p><span style=\"color: #000000;\"><strong>\u0130\u015e TOPLANTI SALONU<\/strong><\/span><\/p>\n<p><span style=\"color: #000000;\">\u0130\u015f toplant\u0131lar\u0131n\u0131 yapabilece\u011finiz 50 ve 15 ki\u015filik 2 adet toplant\u0131 salonlar\u0131m\u0131z, ayr\u0131ca ufak kapsaml\u0131 \u00f6zel ve bireysel \u00e7al\u0131\u015fma odas\u0131 olanaklar\u0131m\u0131z mevcuttur.<\/span><\/p>\n<p><span style=\"color: #000000;\"><strong>KONUM \u00d6ZELL\u0130KLER\u0130<\/strong><\/span><\/p>\n<p><span style=\"color: #000000;\">Antalya Manavgat aras\u0131 D-400 karayolu \u00fczerinde, yeni a\u00e7\u0131lacak Antalya Konya \u015fehirler arars\u0131 yol \u00fczerinde\u00a0 Ta\u015fa\u011f\u0131l kav\u015fa\u011f\u0131ndad\u0131r.<\/span><\/p>\n<p><span style=\"color: #000000;\">Antalya havaliman\u0131na 25 km, Antalya merkeze 35 km, Manavgat\u2019a 25 km, Serik il\u00e7esine 7 km , sahile yakla\u015f\u0131k 10 km, antik Aspendos tiyatrosuna 8 km, Belk\u0131s k\u00f6pr\u00fcs\u00fcne 4 km, K\u00f6pr\u00fcl\u00fc kanyona 30 km, Land of Legends 13 km, Expo Center 20 km\u2019dir. Antalya ve akdeniz b\u00f6lgesinin Bir\u00e7ok tarihi ve turistik b\u00f6lgelerin merkezindedir.<\/span>[\/vc_column_text][\/vc_column][\/vc_row][vc_row][vc_column offset=&#8221;vc_col-lg-6 vc_col-md-6 vc_col-xs-12&#8243;][vc_single_image image=&#8221;4321&#8243; img_size=&#8221;full&#8221;][\/vc_column][vc_column width=&#8221;1\/2&#8243; offset=&#8221;vc_col-lg-6 vc_col-md-6 vc_col-xs-12&#8243; el_class=&#8221;hidden-sm hidden-xs&#8221;][vc_row_inner][vc_column_inner][vc_single_image image=&#8221;4316&#8243; img_size=&#8221;full&#8221; css=&#8221;.vc_custom_1652966838982{margin-bottom: 30px !important;}&#8221;][\/vc_column_inner][\/vc_row_inner][vc_row_inner][vc_column_inner width=&#8221;1\/2&#8243;][vc_single_image image=&#8221;4259&#8243; img_size=&#8221;full&#8221;][\/vc_column_inner][vc_column_inner width=&#8221;1\/2&#8243;][vc_single_image image=&#8221;4312&#8243; img_size=&#8221;full&#8221;][\/vc_column_inner][\/vc_row_inner][\/vc_column][\/vc_row][vc_row][vc_column][\/vc_column][\/vc_row]<\/p>\n","protected":false},"excerpt":{"rendered":"<p>[vc_row][vc_column][vc_single_image image=&#8221;4333&#8243; img_size=&#8221;full&#8221; alignment=&#8221;center&#8221;][vc_empty_space][\/vc_column][\/vc_row][vc_row][vc_column][vc_column_text el_class=&#8221;about-top&#8221;] Kaliye Aspendos Hotel de E\u015fsiz Akdeniz G\u00fcne\u015fi Huzurlu Bir Tatil Otelimiz ismini: \u2018\u2019Kral\u0131n k\u0131z\u0131 Belk\u0131s benim olmal\u0131\u2019\u2019 diye f\u0131s\u0131ldayan mimar Zenon\u2019nun sesinin muhte\u015fem yank\u0131lanmas\u0131 sayesinde, sevdi\u011fi Belk\u0131s\u2019a kavu\u015fan antik d\u00f6nem Mimar\u0131 Zenon yapt\u0131\u011f\u0131, d\u00fcnyan\u0131n en &hellip; <a href=\"https:\/\/kaliye.com\/index.php\/about-us\/\">Readmore<\/a><\/p>\n","protected":false},"author":1,"featured_media":0,"parent":0,"menu_order":0,"comment_status":"closed","ping_status":"closed","template":"","meta":{"footnotes":""},"class_list":["post-2325","page","type-page","status-publish","hentry"],"_links":{"self":[{"href":"https:\/\/kaliye.com\/index.php\/wp-json\/wp\/v2\/pages\/2325","targetHints":{"allow":["GET"]}}],"collection":[{"href":"https:\/\/kaliye.com\/index.php\/wp-json\/wp\/v2\/pages"}],"about":[{"href":"https:\/\/kaliye.com\/index.php\/wp-json\/wp\/v2\/types\/page"}],"author":[{"embeddable":true,"href":"https:\/\/kaliye.com\/index.php\/wp-json\/wp\/v2\/users\/1"}],"replies":[{"embeddable":true,"href":"https:\/\/kaliye.com\/index.php\/wp-json\/wp\/v2\/comments?post=2325"}],"version-history":[{"count":10,"href":"https:\/\/kaliye.com\/index.php\/wp-json\/wp\/v2\/pages\/2325\/revisions"}],"predecessor-version":[{"id":4232,"href":"https:\/\/kaliye.com\/index.php\/wp-json\/wp\/v2\/pages\/2325\/revisions\/4232"}],"wp:attachment":[{"href":"https:\/\/kaliye.com\/index.php\/wp-json\/wp\/v2\/media?parent=2325"}],"curies":[{"name":"wp","href":"https:\/\/api.w.org\/{rel}","templated":true}]}}