{"id":2323,"date":"2017-09-15T07:26:30","date_gmt":"2017-09-15T07:26:30","guid":{"rendered":"https:\/\/demo.wpthemego.com\/themes\/sw_kingplace\/?page_id=2323"},"modified":"2026-03-01T13:20:35","modified_gmt":"2026-03-01T10:20:35","slug":"contact-us","status":"publish","type":"page","link":"https:\/\/kaliye.com\/index.php\/contact-us\/","title":{"rendered":"\u0130leti\u015fim"},"content":{"rendered":"<p>[vc_row][vc_column][vc_gmaps link=&#8221;#E-8_JTNDaWZyYW1lJTIwc3JjJTNEJTIyaHR0cHMlM0ElMkYlMkZ3d3cuZ29vZ2xlLmNvbSUyRm1hcHMlMkZlbWJlZCUzRnBiJTNEJTIxMW0xOCUyMTFtMTIlMjExbTMlMjExZDMxOTAuNTY3NjU2NDQzOTMzJTIxMmQzMS4yMDkxMjQ0MTUyOTI2MjglMjEzZDM2LjkwMDY4OTg3OTkyNzk0JTIxMm0zJTIxMWYwJTIxMmYwJTIxM2YwJTIxM20yJTIxMWkxMDI0JTIxMmk3NjglMjE0ZjEzLjElMjEzbTMlMjExbTIlMjExczB4MCUyNTNBMHg4YTBjZjFjZjUzYWRkM2MzJTIxMnpNemJDc0RVMEp6QXlMalVpVGlBek1jS3dNVEluTkRBdU55SkYlMjE1ZTAlMjEzbTIlMjExc3RyJTIxMnN0ciUyMTR2MTY1MzQ4MzE1NzU2MyUyMTVtMiUyMTFzdHIlMjEyc3RyJTIyJTIwd2lkdGglM0QlMjIxMTcwJTIyJTIwaGVpZ2h0JTNEJTIyNTUwJTIyJTIwc3R5bGUlM0QlMjJib3JkZXIlM0EwJTNCJTIyJTIwYWxsb3dmdWxsc2NyZWVuJTNEJTIyJTIyJTIwbG9hZGluZyUzRCUyMmxhenklMjIlMjByZWZlcnJlcnBvbGljeSUzRCUyMm5vLXJlZmVycmVyLXdoZW4tZG93bmdyYWRlJTIyJTNFJTNDJTJGaWZyYW1lJTNF&#8221;][\/vc_column][\/vc_row][vc_row][vc_column][vc_row_inner][vc_column_inner offset=&#8221;vc_col-lg-3 vc_col-md-4 vc_col-xs-12&#8243;][vc_raw_html]JTNDZGl2JTIwY2xhc3MlM0QlMjJjb250YWN0LWxlZnQlMjIlM0UlMEElM0NoMyUzRUthbGl5ZSUyMEFzcGVuZG9zJTIwSG90ZWwlM0MlMkZoMyUzRSUwQSUzQ3AlM0VBbnRhbHlhJTIwJTJGJTIwVCVDMyVCQ3JraXllJTIwJTI3ZGUlMjBrYWxpdGVsaSUyMHZlJTIwZWtvbm9taWslMjBrb25ha2xhbWElMjBpJUMzJUE3aW4lMjBlbiUyMGRvJUM0JTlGcnUlMjB5ZXJkZXNpbml6LiUzQyUyRnAlM0UlMEElM0N1bCUzRSUwQSUwOSUzQ2xpJTNFS2FsaXllJTIwQXNwZW5kb3MlMjBIb3RlbCUyMFRhJUM1JTlGYSVDNCU5RiVDNCVCMWwlMjBtYWhhbGxlc2kuJTIwJTIwU2VyaWslMjBjYWQuJTIwMTc0JTJGMS4lMjhUYSVDNSU5RmElQzQlOUYlQzQlQjFsJTIwc2ViemUlMjBoYWxpJTIweWFuJUM0JUIxJTI5JTIwTWFuYXZnYXQlMjBBbnRhbHlhJTNDJTJGbGklM0UlMEElMDklM0NsaSUzRUVtYWlsJTNBJTIwaW5mbyU0MGthbGl5ZWhvdGVsLmNvbSUzQyUyRmxpJTNFJTBBJTA5JTNDbGklM0VIb3RsaW5lJTNBJTIwMDI0MiUyMDc2MiUyMDMxJTIwMDElMjAlM0MlMkZsaSUzRSUwQSUzQyUyRnVsJTNFJTBBJTNDJTJGZGl2JTNF[\/vc_raw_html][\/vc_column_inner][vc_column_inner offset=&#8221;vc_col-lg-9 vc_col-md-8 vc_col-xs-12&#8243;][vc_column_text el_class=&#8221;contact-right&#8221;]<\/p>\n<h3 class=\"title-page\">Bize Mail G\u00f6nderebilirsiniz<\/h3>\n<div class=\"des\"><p class=\"wpcf7-contact-form-not-found\"><strong>Hata:<\/strong> \u0130leti\u015fim formu bulunamad\u0131.<\/p><\/div>\n<p>[\/vc_column_text][\/vc_column_inner][\/vc_row_inner][\/vc_column][\/vc_row]<\/p>\n","protected":false},"excerpt":{"rendered":"<p>[vc_row][vc_column][vc_gmaps link=&#8221;#E-8_JTNDaWZyYW1lJTIwc3JjJTNEJTIyaHR0cHMlM0ElMkYlMkZ3d3cuZ29vZ2xlLmNvbSUyRm1hcHMlMkZlbWJlZCUzRnBiJTNEJTIxMW0xOCUyMTFtMTIlMjExbTMlMjExZDMxOTAuNTY3NjU2NDQzOTMzJTIxMmQzMS4yMDkxMjQ0MTUyOTI2MjglMjEzZDM2LjkwMDY4OTg3OTkyNzk0JTIxMm0zJTIxMWYwJTIxMmYwJTIxM2YwJTIxM20yJTIxMWkxMDI0JTIxMmk3NjglMjE0ZjEzLjElMjEzbTMlMjExbTIlMjExczB4MCUyNTNBMHg4YTBjZjFjZjUzYWRkM2MzJTIxMnpNemJDc0RVMEp6QXlMalVpVGlBek1jS3dNVEluTkRBdU55SkYlMjE1ZTAlMjEzbTIlMjExc3RyJTIxMnN0ciUyMTR2MTY1MzQ4MzE1NzU2MyUyMTVtMiUyMTFzdHIlMjEyc3RyJTIyJTIwd2lkdGglM0QlMjIxMTcwJTIyJTIwaGVpZ2h0JTNEJTIyNTUwJTIyJTIwc3R5bGUlM0QlMjJib3JkZXIlM0EwJTNCJTIyJTIwYWxsb3dmdWxsc2NyZWVuJTNEJTIyJTIyJTIwbG9hZGluZyUzRCUyMmxhenklMjIlMjByZWZlcnJlcnBvbGljeSUzRCUyMm5vLXJlZmVycmVyLXdoZW4tZG93bmdyYWRlJTIyJTNFJTNDJTJGaWZyYW1lJTNF&#8221;][\/vc_column][\/vc_row][vc_row][vc_column][vc_row_inner][vc_column_inner offset=&#8221;vc_col-lg-3 vc_col-md-4 vc_col-xs-12&#8243;][vc_raw_html]JTNDZGl2JTIwY2xhc3MlM0QlMjJjb250YWN0LWxlZnQlMjIlM0UlMEElM0NoMyUzRUthbGl5ZSUyMEFzcGVuZG9zJTIwSG90ZWwlM0MlMkZoMyUzRSUwQSUzQ3AlM0VBbnRhbHlhJTIwJTJGJTIwVCVDMyVCQ3JraXllJTIwJTI3ZGUlMjBrYWxpdGVsaSUyMHZlJTIwZWtvbm9taWslMjBrb25ha2xhbWElMjBpJUMzJUE3aW4lMjBlbiUyMGRvJUM0JTlGcnUlMjB5ZXJkZXNpbml6LiUzQyUyRnAlM0UlMEElM0N1bCUzRSUwQSUwOSUzQ2xpJTNFS2FsaXllJTIwQXNwZW5kb3MlMjBIb3RlbCUyMFRhJUM1JTlGYSVDNCU5RiVDNCVCMWwlMjBtYWhhbGxlc2kuJTIwJTIwU2VyaWslMjBjYWQuJTIwMTc0JTJGMS4lMjhUYSVDNSU5RmElQzQlOUYlQzQlQjFsJTIwc2ViemUlMjBoYWxpJTIweWFuJUM0JUIxJTI5JTIwTWFuYXZnYXQlMjBBbnRhbHlhJTNDJTJGbGklM0UlMEElMDklM0NsaSUzRUVtYWlsJTNBJTIwaW5mbyU0MGthbGl5ZWhvdGVsLmNvbSUzQyUyRmxpJTNFJTBBJTA5JTNDbGklM0VIb3RsaW5lJTNBJTIwMDI0MiUyMDc2MiUyMDMxJTIwMDElMjAlM0MlMkZsaSUzRSUwQSUzQyUyRnVsJTNFJTBBJTNDJTJGZGl2JTNF[\/vc_raw_html][\/vc_column_inner][vc_column_inner offset=&#8221;vc_col-lg-9 vc_col-md-8 vc_col-xs-12&#8243;][vc_column_text el_class=&#8221;contact-right&#8221;] Bize Mail G\u00f6nderebilirsiniz [\/vc_column_text][\/vc_column_inner][\/vc_row_inner][\/vc_column][\/vc_row]<\/p>\n","protected":false},"author":1,"featured_media":0,"parent":0,"menu_order":0,"comment_status":"closed","ping_status":"closed","template":"","meta":{"footnotes":""},"class_list":["post-2323","page","type-page","status-publish","hentry"],"_links":{"self":[{"href":"https:\/\/kaliye.com\/index.php\/wp-json\/wp\/v2\/pages\/2323","targetHints":{"allow":["GET"]}}],"collection":[{"href":"https:\/\/kaliye.com\/index.php\/wp-json\/wp\/v2\/pages"}],"about":[{"href":"https:\/\/kaliye.com\/index.php\/wp-json\/wp\/v2\/types\/page"}],"author":[{"embeddable":true,"href":"https:\/\/kaliye.com\/index.php\/wp-json\/wp\/v2\/users\/1"}],"replies":[{"embeddable":true,"href":"https:\/\/kaliye.com\/index.php\/wp-json\/wp\/v2\/comments?post=2323"}],"version-history":[{"count":10,"href":"https:\/\/kaliye.com\/index.php\/wp-json\/wp\/v2\/pages\/2323\/revisions"}],"predecessor-version":[{"id":4492,"href":"https:\/\/kaliye.com\/index.php\/wp-json\/wp\/v2\/pages\/2323\/revisions\/4492"}],"wp:attachment":[{"href":"https:\/\/kaliye.com\/index.php\/wp-json\/wp\/v2\/media?parent=2323"}],"curies":[{"name":"wp","href":"https:\/\/api.w.org\/{rel}","templated":true}]}}